{"id":191,"date":"2015-01-04T16:30:02","date_gmt":"2015-01-04T15:30:02","guid":{"rendered":"http:\/\/www.mansueviva.it\/cineforum\/wp\/?page_id=191"},"modified":"2015-01-05T14:15:30","modified_gmt":"2015-01-05T13:15:30","slug":"the-truman-show","status":"publish","type":"page","link":"https:\/\/www.mansueviva.it\/cineforum\/wp\/?page_id=191","title":{"rendered":"THE TRUMAN SHOW"},"content":{"rendered":"<p style=\"text-align: center;\"><strong>Venerd\u00ec 6 Febbraio\u00a02015\u00a0ore 20.20<\/strong><\/p>\n<p style=\"text-align: center;\">\u201c<strong>The Truman Show<\/strong>\u201d\u00a0(2012) \u00a0di\u00a0<strong>Peter Weir<\/strong><\/p>\n<p><img loading=\"lazy\" class=\"alignleft  wp-image-196\" src=\"http:\/\/www.mansueviva.it\/cineforum\/wp\/wp-content\/uploads\/2015\/01\/tshow01.jpg\" alt=\"tshow01\" width=\"339\" height=\"190\" srcset=\"https:\/\/www.mansueviva.it\/cineforum\/wp\/wp-content\/uploads\/2015\/01\/tshow01.jpg 719w, https:\/\/www.mansueviva.it\/cineforum\/wp\/wp-content\/uploads\/2015\/01\/tshow01-300x168.jpg 300w, https:\/\/www.mansueviva.it\/cineforum\/wp\/wp-content\/uploads\/2015\/01\/tshow01-624x350.jpg 624w\" sizes=\"(max-width: 339px) 100vw, 339px\" \/>Truman Burbank nasce ripreso da una telecamera. Poi, per trent&#8217;anni continuer\u00e0 ad esser ripreso a sua insaputa da telecamere che lo seguiranno in ogni luogo della sua vita, per strada, al lavoro, a letto. Lui non lo sa, ma fa parte di uno show televisivo. Tutto ci\u00f2 che c&#8217;\u00e8 intorno a lui \u00e8 un set, le persone sono attori e comparse, le case, la polizia, i vigili del fuoco, tutto \u00e8 set, persino l&#8217;acqua del mare \u00e8 fasulla. Sua moglie e il suo migliore amico sono attori. Sopra tutti c&#8217;\u00e8 Christof, dio-demiurgo-produttore, che gestisce la vita del poveretto. Naturalmente tutta l&#8217;America impazzisce per il programma verit\u00e0, in virt\u00f9 della regola del voyeurismo, molla televisiva irresistibile. Poi Truman ha qualche sospetto, diventa sicuro del trucco e cerca di scappare pi\u00f9 volte.<br \/>\n<img loading=\"lazy\" class=\"  wp-image-197 alignright\" src=\"http:\/\/www.mansueviva.it\/cineforum\/wp\/wp-content\/uploads\/2015\/01\/tshow02.jpg\" alt=\"tshow02\" width=\"341\" height=\"192\" srcset=\"https:\/\/www.mansueviva.it\/cineforum\/wp\/wp-content\/uploads\/2015\/01\/tshow02.jpg 925w, https:\/\/www.mansueviva.it\/cineforum\/wp\/wp-content\/uploads\/2015\/01\/tshow02-300x169.jpg 300w, https:\/\/www.mansueviva.it\/cineforum\/wp\/wp-content\/uploads\/2015\/01\/tshow02-624x352.jpg 624w\" sizes=\"(max-width: 341px) 100vw, 341px\" \/>Subito una citazione per lo sceneggiatore Andrew Nicol, davvero geniale in certe soluzioni. Idea centrale straordinaria, con tanti bei manifesti e simboli: i media sono ormai tanto invadenti da non essere pi\u00f9 passatempo, ma tempo, ma forse, ci possiamo ancora salvare. Proprio per tutti questi contenuti il film si rivela uno splendido esercizio, una rivisitazione avanzata della parabola del grande fratello. E proprio per questa ragione \u00e8 inevitabilmente costretto ad essere freddo, e pi\u00f9 adatto a un dibattito per addetti che al popolo del cinema.<\/p>\n<p>&nbsp;<\/p>\n<p>Titolo originale\u00a0\u00a0\u00a0\u00a0\u00a0\u00a0\u00a0\u00a0\u00a0\u00a0\u00a0 The Truman Show<br \/>\nPaese di produzione\u00a0 USA<br \/>\nAnno\u00a0\u00a0\u00a0\u00a0\u00a0\u00a0\u00a0\u00a0\u00a0 1998<br \/>\nDurata\u00a0\u00a0\u00a0\u00a0\u00a0\u00a0 103 min<br \/>\nGenere\u00a0\u00a0\u00a0\u00a0\u00a0 commedia, drammatico, fantascienza<br \/>\nRegia\u00a0\u00a0\u00a0\u00a0\u00a0\u00a0\u00a0\u00a0 Peter Weir<br \/>\nSoggetto\u00a0\u00a0 Andrew Niccol<br \/>\nMusiche\u00a0\u00a0\u00a0 Philip Glass, Burkhard von Dallwitz<br \/>\nInterpreti \u00a0\u00a0 Jim Carrey: Truman Burbank<\/p>\n","protected":false},"excerpt":{"rendered":"<p>Venerd\u00ec 6 Febbraio\u00a02015\u00a0ore 20.20 \u201cThe Truman Show\u201d\u00a0(2012) \u00a0di\u00a0Peter Weir Truman Burbank nasce ripreso da una telecamera. Poi, per trent&#8217;anni continuer\u00e0 ad esser ripreso a sua insaputa da telecamere che lo seguiranno in ogni luogo della sua vita, per strada, al lavoro, a letto. Lui non lo sa, ma fa parte di uno show televisivo. Tutto &hellip; <\/p>\n<p class=\"link-more\"><a href=\"https:\/\/www.mansueviva.it\/cineforum\/wp\/?page_id=191\" class=\"more-link\">Leggi tutto<span class=\"screen-reader-text\"> &#8220;THE TRUMAN SHOW&#8221;<\/span><\/a><\/p>\n","protected":false},"author":1,"featured_media":0,"parent":0,"menu_order":0,"comment_status":"closed","ping_status":"closed","template":"","meta":[],"_links":{"self":[{"href":"https:\/\/www.mansueviva.it\/cineforum\/wp\/index.php?rest_route=\/wp\/v2\/pages\/191"}],"collection":[{"href":"https:\/\/www.mansueviva.it\/cineforum\/wp\/index.php?rest_route=\/wp\/v2\/pages"}],"about":[{"href":"https:\/\/www.mansueviva.it\/cineforum\/wp\/index.php?rest_route=\/wp\/v2\/types\/page"}],"author":[{"embeddable":true,"href":"https:\/\/www.mansueviva.it\/cineforum\/wp\/index.php?rest_route=\/wp\/v2\/users\/1"}],"replies":[{"embeddable":true,"href":"https:\/\/www.mansueviva.it\/cineforum\/wp\/index.php?rest_route=%2Fwp%2Fv2%2Fcomments&post=191"}],"version-history":[{"count":4,"href":"https:\/\/www.mansueviva.it\/cineforum\/wp\/index.php?rest_route=\/wp\/v2\/pages\/191\/revisions"}],"predecessor-version":[{"id":198,"href":"https:\/\/www.mansueviva.it\/cineforum\/wp\/index.php?rest_route=\/wp\/v2\/pages\/191\/revisions\/198"}],"wp:attachment":[{"href":"https:\/\/www.mansueviva.it\/cineforum\/wp\/index.php?rest_route=%2Fwp%2Fv2%2Fmedia&parent=191"}],"curies":[{"name":"wp","href":"https:\/\/api.w.org\/{rel}","templated":true}]}}