{"id":26,"date":"2013-12-18T10:47:30","date_gmt":"2013-12-18T09:47:30","guid":{"rendered":"http:\/\/www.mansueviva.it\/cineforum\/wp\/?page_id=26"},"modified":"2013-12-18T14:05:01","modified_gmt":"2013-12-18T13:05:01","slug":"iqbal","status":"publish","type":"page","link":"https:\/\/www.mansueviva.it\/cineforum\/wp\/?page_id=26","title":{"rendered":"IQBAL"},"content":{"rendered":"<p align=\"center\"><b>Venerd\u00ec 31 Gennaio 2014 \u00a0 ore 20.30<\/b><\/p>\n<p align=\"center\"><b><i>IQBAL <\/i><\/b><b> <\/b><\/p>\n<p align=\"center\">di\u00a0\u00a0 <b>Cinzia Torrini<\/b><\/p>\n<p>&nbsp;<\/p>\n<p>Paese : Italia, Sri Lanka<\/p>\n<p>Genere : Drammatico-Biografico<\/p>\n<p>Durata : 100 min.<\/p>\n<p>Anno : 1998<\/p>\n<p>&nbsp;<\/p>\n<p>&nbsp;<\/p>\n<p><i>Un bel film-tv, prodotto dalla Rai e curato da una brava regista, girato tra il Marocco e lo Sri Lanka con attori indiani tra i quali il bravo Roshan Seth. Fedele nella ricostruzione degli eventi con piccole concessioni narrative, non risparmia nulla della vicenda e ci sono non poche situazioni particolarmente dure da digerire: la vendita del bambino a produttori di tappeti, il lavoro terribile, le punizioni, violenze fisiche e sessuali, torture, corruzione della polizia e dei politici, persino bambini morti o feriti facendo i &#8220;fantini&#8221; per le gare d&#8217;elefanti. Iqbal entrer\u00e0 in contatto con dei sindacalisti di sinistra che si battono contro la schiavit\u00f9 minorile e contro un establishment che nega il problema a tutti i livelli. Riuscir\u00e0 a liberarsi, a liberare i bambini della sua fabbrica e agir\u00e0 concretamente ancora per molti altri, mentre si sforza di andare a scuola finalmente, di imparare a leggere e scrivere, con una missione chiara in mente. <\/i><i>\u00a0<\/i><\/p>\n<p align=\"center\"><i>presentatore-moderatore: <\/i><b>Antonio Giandon <\/b><b><\/b><\/p>\n<p>\u00a0<i><\/i><\/p>\n","protected":false},"excerpt":{"rendered":"<p>Venerd\u00ec 31 Gennaio 2014 \u00a0 ore 20.30 IQBAL di\u00a0\u00a0 Cinzia Torrini &nbsp; Paese : Italia, Sri Lanka Genere : Drammatico-Biografico Durata : 100 min. Anno : 1998 &nbsp; &nbsp; Un bel film-tv, prodotto dalla Rai e curato da una brava regista, girato tra il Marocco e lo Sri Lanka con attori indiani tra i quali &hellip; <\/p>\n<p class=\"link-more\"><a href=\"https:\/\/www.mansueviva.it\/cineforum\/wp\/?page_id=26\" class=\"more-link\">Leggi tutto<span class=\"screen-reader-text\"> &#8220;IQBAL&#8221;<\/span><\/a><\/p>\n","protected":false},"author":1,"featured_media":0,"parent":0,"menu_order":0,"comment_status":"open","ping_status":"open","template":"","meta":[],"_links":{"self":[{"href":"https:\/\/www.mansueviva.it\/cineforum\/wp\/index.php?rest_route=\/wp\/v2\/pages\/26"}],"collection":[{"href":"https:\/\/www.mansueviva.it\/cineforum\/wp\/index.php?rest_route=\/wp\/v2\/pages"}],"about":[{"href":"https:\/\/www.mansueviva.it\/cineforum\/wp\/index.php?rest_route=\/wp\/v2\/types\/page"}],"author":[{"embeddable":true,"href":"https:\/\/www.mansueviva.it\/cineforum\/wp\/index.php?rest_route=\/wp\/v2\/users\/1"}],"replies":[{"embeddable":true,"href":"https:\/\/www.mansueviva.it\/cineforum\/wp\/index.php?rest_route=%2Fwp%2Fv2%2Fcomments&post=26"}],"version-history":[{"count":4,"href":"https:\/\/www.mansueviva.it\/cineforum\/wp\/index.php?rest_route=\/wp\/v2\/pages\/26\/revisions"}],"predecessor-version":[{"id":50,"href":"https:\/\/www.mansueviva.it\/cineforum\/wp\/index.php?rest_route=\/wp\/v2\/pages\/26\/revisions\/50"}],"wp:attachment":[{"href":"https:\/\/www.mansueviva.it\/cineforum\/wp\/index.php?rest_route=%2Fwp%2Fv2%2Fmedia&parent=26"}],"curies":[{"name":"wp","href":"https:\/\/api.w.org\/{rel}","templated":true}]}}